{"id":1380468,"date":"2025-10-31T12:02:12","date_gmt":"2025-10-31T12:02:12","guid":{"rendered":"https:\/\/carldora.slideshow.com.pt\/?page_id=1380468"},"modified":"2025-10-31T12:34:44","modified_gmt":"2025-10-31T12:34:44","slug":"zimbabue","status":"publish","type":"page","link":"https:\/\/carldora.slideshow.com.pt\/fr\/zimbabue\/","title":{"rendered":"Zimbabwe"},"content":{"rendered":"<div class=\"et_pb_section_0 et_pb_section et_section_regular et_flex_section preset--group--divi-section--divi-box-shadow--default\"><span class=\"et_pb_background_pattern\"><\/span>\n<div class=\"et_pb_row_0 et_pb_row et_flex_row preset--group--divi-row--divi-box-shadow--default\">\n<div class=\"et_pb_column_0 et_pb_column et-last-child et_flex_column et_pb_css_mix_blend_mode_passthrough et_flex_column_24_24 et_flex_column_24_24_tablet et_flex_column_24_24_phone preset--group--divi-column--divi-box-shadow--default\">\n<div class=\"et_pb_portfolio_0 et_pb_portfolio et_pb_bg_layout_light clearfix et_pb_module preset--group--divi-portfolio--divi-box-shadow--default\"><div class=\"et_pb_ajax_pagination_container\"><div class=\"et_pb_posts et_grid_module\"><div id=\"post-1380225\" class=\"et_pb_grid_item et_pb_portfolio_item post-1380225 project type-project status-publish has-post-thumbnail hentry project_category-africa project_category-zimbabue project_tag-africa project_tag-zimbabue et_pb_portfolio_item_0_0\">\n\t\t\t\t\t\t\n\t\t\t\t<a href=\"https:\/\/carldora.slideshow.com.pt\/fr\/project\/zimbabue\/\" title=\"Obras de Infraestrutura\">\n\t\t\t\t\t<span class=\"et_portfolio_image\">\n\t\t\t\t\t\t<img loading=\"lazy\" decoding=\"async\" src=\"https:\/\/carldora.slideshow.com.pt\/wp-content\/uploads\/2025\/10\/38_19-834-ZIMBABUE-5-400x284.webp\" width=\"400\" height=\"284\" alt=\"\" class=\"et_pb_post_main_image\" \/>\n\t\t\t\t\t\t<span class=\"et_overlay\"><\/span>\n\t\t\t\t\t<\/span>\n\t\t\t\t<\/a>\n\t\t\t\t\t\t<h2 class=\"et_pb_module_header\"><a href=\"https:\/\/carldora.slideshow.com.pt\/fr\/project\/zimbabue\/\" title=\"Obras de Infraestrutura\">Obras de Infraestrutura<\/a><\/h2>\n\t\t\t\t\t\t<p class=\"post-meta\"><a href=\"https:\/\/carldora.slideshow.com.pt\/fr\/project_category\/africa\/\" title=\"Afrique\">Afrique<\/a>, <a href=\"https:\/\/carldora.slideshow.com.pt\/fr\/project_category\/zimbabue\/\" title=\"Zimbabwe\">Zimbabwe<\/a><\/p>\n\t\t\t\t\t<\/div>\n\t\t\t\t\t<\/div><div class=\"pagination clearfix\"><\/div><\/div><\/div>\n<\/div>\n<\/div>\n<\/div>","protected":false},"excerpt":{"rendered":"","protected":false},"author":6,"featured_media":0,"parent":0,"menu_order":0,"comment_status":"closed","ping_status":"closed","template":"page-template-blank.php","meta":{"_acf_changed":false,"_vp_format_video_url":"","_vp_image_focal_point":[],"footnotes":""},"class_list":["post-1380468","page","type-page","status-publish","hentry"],"acf":[],"yoast_head":"<!-- This site is optimized with the Yoast SEO plugin v27.2 - https:\/\/yoast.com\/product\/yoast-seo-wordpress\/ -->\n<title>Zimbabu\u00e9 - CARLDORA<\/title>\n<meta name=\"robots\" content=\"index, follow, max-snippet:-1, max-image-preview:large, max-video-preview:-1\" \/>\n<link rel=\"canonical\" href=\"https:\/\/carldora.slideshow.com.pt\/fr\/zimbabue\/\" \/>\n<meta property=\"og:locale\" content=\"fr_FR\" \/>\n<meta property=\"og:type\" content=\"article\" \/>\n<meta property=\"og:title\" content=\"Zimbabu\u00e9 - CARLDORA\" \/>\n<meta property=\"og:url\" content=\"https:\/\/carldora.slideshow.com.pt\/fr\/zimbabue\/\" \/>\n<meta property=\"og:site_name\" content=\"CARLDORA\" \/>\n<meta property=\"article:modified_time\" content=\"2025-10-31T12:34:44+00:00\" \/>\n<meta name=\"twitter:card\" content=\"summary_large_image\" \/>\n<script type=\"application\/ld+json\" class=\"yoast-schema-graph\">{\"@context\":\"https:\/\/schema.org\",\"@graph\":[{\"@type\":\"WebPage\",\"@id\":\"https:\/\/carldora.slideshow.com.pt\/zimbabue\/\",\"url\":\"https:\/\/carldora.slideshow.com.pt\/zimbabue\/\",\"name\":\"Zimbabu\u00e9 - CARLDORA\",\"isPartOf\":{\"@id\":\"https:\/\/carldora.slideshow.com.pt\/#website\"},\"datePublished\":\"2025-10-31T12:02:12+00:00\",\"dateModified\":\"2025-10-31T12:34:44+00:00\",\"breadcrumb\":{\"@id\":\"https:\/\/carldora.slideshow.com.pt\/zimbabue\/#breadcrumb\"},\"inLanguage\":\"fr-FR\",\"potentialAction\":[{\"@type\":\"ReadAction\",\"target\":[\"https:\/\/carldora.slideshow.com.pt\/zimbabue\/\"]}]},{\"@type\":\"BreadcrumbList\",\"@id\":\"https:\/\/carldora.slideshow.com.pt\/zimbabue\/#breadcrumb\",\"itemListElement\":[{\"@type\":\"ListItem\",\"position\":1,\"name\":\"In\u00edcio\",\"item\":\"https:\/\/carldora.slideshow.com.pt\/\"},{\"@type\":\"ListItem\",\"position\":2,\"name\":\"Zimbabu\u00e9\"}]},{\"@type\":\"WebSite\",\"@id\":\"https:\/\/carldora.slideshow.com.pt\/#website\",\"url\":\"https:\/\/carldora.slideshow.com.pt\/\",\"name\":\"CARLDORA\",\"description\":\"Pioneiros em Portugal no fabrico de Cofragens, Andaimes, Escoramentos, Entiva\u00e7\u00f5es de Valas e Estruturas Especiais.\",\"publisher\":{\"@id\":\"https:\/\/carldora.slideshow.com.pt\/#organization\"},\"potentialAction\":[{\"@type\":\"SearchAction\",\"target\":{\"@type\":\"EntryPoint\",\"urlTemplate\":\"https:\/\/carldora.slideshow.com.pt\/?s={search_term_string}\"},\"query-input\":{\"@type\":\"PropertyValueSpecification\",\"valueRequired\":true,\"valueName\":\"search_term_string\"}}],\"inLanguage\":\"fr-FR\"},{\"@type\":\"Organization\",\"@id\":\"https:\/\/carldora.slideshow.com.pt\/#organization\",\"name\":\"CARLDORA\",\"url\":\"https:\/\/carldora.slideshow.com.pt\/\",\"logo\":{\"@type\":\"ImageObject\",\"inLanguage\":\"fr-FR\",\"@id\":\"https:\/\/carldora.slideshow.com.pt\/#\/schema\/logo\/image\/\",\"url\":\"https:\/\/carldora.slideshow.com.pt\/wp-content\/uploads\/2024\/09\/carldora_logo_cores.svg\",\"contentUrl\":\"https:\/\/carldora.slideshow.com.pt\/wp-content\/uploads\/2024\/09\/carldora_logo_cores.svg\",\"width\":1,\"height\":1,\"caption\":\"CARLDORA\"},\"image\":{\"@id\":\"https:\/\/carldora.slideshow.com.pt\/#\/schema\/logo\/image\/\"},\"sameAs\":[\"https:\/\/www.linkedin.com\/company\/carldora---cofragens-andaimes-e-escoramentos-s-a-\"]}]}<\/script>\n<!-- \/ Yoast SEO plugin. -->","yoast_head_json":{"title":"Zimbabu\u00e9 - CARLDORA","robots":{"index":"index","follow":"follow","max-snippet":"max-snippet:-1","max-image-preview":"max-image-preview:large","max-video-preview":"max-video-preview:-1"},"canonical":"https:\/\/carldora.slideshow.com.pt\/fr\/zimbabue\/","og_locale":"fr_FR","og_type":"article","og_title":"Zimbabu\u00e9 - CARLDORA","og_url":"https:\/\/carldora.slideshow.com.pt\/fr\/zimbabue\/","og_site_name":"CARLDORA","article_modified_time":"2025-10-31T12:34:44+00:00","twitter_card":"summary_large_image","schema":{"@context":"https:\/\/schema.org","@graph":[{"@type":"WebPage","@id":"https:\/\/carldora.slideshow.com.pt\/zimbabue\/","url":"https:\/\/carldora.slideshow.com.pt\/zimbabue\/","name":"Zimbabu\u00e9 - CARLDORA","isPartOf":{"@id":"https:\/\/carldora.slideshow.com.pt\/#website"},"datePublished":"2025-10-31T12:02:12+00:00","dateModified":"2025-10-31T12:34:44+00:00","breadcrumb":{"@id":"https:\/\/carldora.slideshow.com.pt\/zimbabue\/#breadcrumb"},"inLanguage":"fr-FR","potentialAction":[{"@type":"ReadAction","target":["https:\/\/carldora.slideshow.com.pt\/zimbabue\/"]}]},{"@type":"BreadcrumbList","@id":"https:\/\/carldora.slideshow.com.pt\/zimbabue\/#breadcrumb","itemListElement":[{"@type":"ListItem","position":1,"name":"In\u00edcio","item":"https:\/\/carldora.slideshow.com.pt\/"},{"@type":"ListItem","position":2,"name":"Zimbabu\u00e9"}]},{"@type":"WebSite","@id":"https:\/\/carldora.slideshow.com.pt\/#website","url":"https:\/\/carldora.slideshow.com.pt\/","name":"CARLDORA","description":"Pionniers au Portugal dans la fabrication de Coffrages, \u00c9chafaudages, \u00c9taiements, Blindages de Tranch\u00e9es et Structures Sp\u00e9ciales.","publisher":{"@id":"https:\/\/carldora.slideshow.com.pt\/#organization"},"potentialAction":[{"@type":"SearchAction","target":{"@type":"EntryPoint","urlTemplate":"https:\/\/carldora.slideshow.com.pt\/?s={search_term_string}"},"query-input":{"@type":"PropertyValueSpecification","valueRequired":true,"valueName":"search_term_string"}}],"inLanguage":"fr-FR"},{"@type":"Organization","@id":"https:\/\/carldora.slideshow.com.pt\/#organization","name":"CARLDORA","url":"https:\/\/carldora.slideshow.com.pt\/","logo":{"@type":"ImageObject","inLanguage":"fr-FR","@id":"https:\/\/carldora.slideshow.com.pt\/#\/schema\/logo\/image\/","url":"https:\/\/carldora.slideshow.com.pt\/wp-content\/uploads\/2024\/09\/carldora_logo_cores.svg","contentUrl":"https:\/\/carldora.slideshow.com.pt\/wp-content\/uploads\/2024\/09\/carldora_logo_cores.svg","width":1,"height":1,"caption":"CARLDORA"},"image":{"@id":"https:\/\/carldora.slideshow.com.pt\/#\/schema\/logo\/image\/"},"sameAs":["https:\/\/www.linkedin.com\/company\/carldora---cofragens-andaimes-e-escoramentos-s-a-"]}]}},"_links":{"self":[{"href":"https:\/\/carldora.slideshow.com.pt\/fr\/wp-json\/wp\/v2\/pages\/1380468","targetHints":{"allow":["GET"]}}],"collection":[{"href":"https:\/\/carldora.slideshow.com.pt\/fr\/wp-json\/wp\/v2\/pages"}],"about":[{"href":"https:\/\/carldora.slideshow.com.pt\/fr\/wp-json\/wp\/v2\/types\/page"}],"author":[{"embeddable":true,"href":"https:\/\/carldora.slideshow.com.pt\/fr\/wp-json\/wp\/v2\/users\/6"}],"replies":[{"embeddable":true,"href":"https:\/\/carldora.slideshow.com.pt\/fr\/wp-json\/wp\/v2\/comments?post=1380468"}],"version-history":[{"count":4,"href":"https:\/\/carldora.slideshow.com.pt\/fr\/wp-json\/wp\/v2\/pages\/1380468\/revisions"}],"predecessor-version":[{"id":1380496,"href":"https:\/\/carldora.slideshow.com.pt\/fr\/wp-json\/wp\/v2\/pages\/1380468\/revisions\/1380496"}],"wp:attachment":[{"href":"https:\/\/carldora.slideshow.com.pt\/fr\/wp-json\/wp\/v2\/media?parent=1380468"}],"curies":[{"name":"wp","href":"https:\/\/api.w.org\/{rel}","templated":true}]}}